{"id":16,"date":"2022-05-27T23:49:39","date_gmt":"2022-05-28T03:49:39","guid":{"rendered":"https:\/\/www.dimoitou.ca\/?page_id=16"},"modified":"2022-05-27T23:49:39","modified_gmt":"2022-05-28T03:49:39","slug":"dimoitou-etait-malade-maintenant-il-est-porte-disparu-aidez-moi-a-le-ramener-chez-lui","status":"publish","type":"page","link":"https:\/\/www.dimoitou.ca\/?page_id=16","title":{"rendered":"Dimoitou \u00e9tait malade. Maintenant il est port\u00e9 disparu. Aidez-moi \u00e0 le ramener chez lui !"},"content":{"rendered":"\n<p><a href=\"https:\/\/www.dimoitou.ca\/\"><br>Dimoitou \u00e9tait tr\u00e8s malade. Maintenant il est port\u00e9 disparu. Aidez-moi \u00e0 le ramener chez lui !<\/a><\/p>\n\n\n\n<p><\/p>\n\n\n\n<hr class=\"wp-block-separator has-alpha-channel-opacity\"\/>\n\n\n\n<p>&nbsp;&nbsp;&nbsp;&nbsp;&nbsp;&nbsp;&nbsp;&nbsp;&nbsp;&nbsp;&nbsp;&nbsp;&nbsp;&nbsp; Je suis Jordan. Je vous remercie pour votre visite \u00e0 Dimoitou.ca &nbsp;Pour la grande partie de deux d\u00e9cennies, les \u00e9coles primaires canadiennes servaient de trousses Dimoitou pour apprendre le fran\u00e7ais aux jeunes Canadiens. Dimoitou a \u00e9t\u00e9 publi\u00e9 par les Editions CEC (anciennement le Centre \u00e9ducatif et culturel) entre 1984 et 1988. Il y avait trois niveaux qui correspondaient aux trois premi\u00e8res ann\u00e9es de l\u2019\u00e9cole primaire. Chaque trousse contenait un livre, des photocopies, une marionnette, et des cassettes de chansons et histoires. Si vous avez trouv\u00e9 ce site gr\u00e2ce \u00e0 un podcast ou une \u00e9mission \u00e0 Radio Canada, vous saurez d\u00e9j\u00e0 que je suis aveugle de naissance. Tout naturellement, ma vie est largement sonore, et mes plus beaux souvenirs souvent sont faits de son et de la musique. Parmi mes plus beaux souvenirs d\u2019enfance sont les chansons de Dimoitou. &nbsp;<\/p>\n\n\n\n<p>&nbsp;&nbsp;&nbsp;&nbsp;&nbsp;&nbsp;&nbsp;&nbsp;&nbsp;&nbsp;&nbsp;&nbsp;&nbsp;&nbsp; J\u2019ai pass\u00e9 la p\u00e9riode de confinement \u00e0 chercher la source de ces souvenirs. La plupart du mat\u00e9riel n\u2019\u00e9tait pas facile \u00e0 trouver, mais rien n\u2019\u00e9tait si introuvable que Dimoitou, dont des \u00e9l\u00e9ments continuaient \u00e0 m\u2019\u00e9chapper. Pendant une ann\u00e9e, le Doc Project m\u2019a accompagn\u00e9 dans ma recherche des chansons. Malheureusement, il ne reste que quelques casettes, dont plusieurs ne sont plus jouables. Le pire est que les institutions charg\u00e9es de pr\u00e9server la culture canadienne n\u2019ont pas pu le faire (Biblioth\u00e8que et Archives Canada est cens\u00e9 recevoir deux copies de toute publication). Les documents sont dans un bon \u00e9tat, et plusieurs biblioth\u00e8ques universitaires en d\u00e9tiennent des exemplaires. Pour ce qui concerne les composants audiovisuels de Dimoitou, j\u2019ai eu moins de chance &nbsp;; plusieurs trousses sont incompl\u00e8tes, encore d\u2019autres ont des cassettes qui ne sont plus jouables et d\u2019autres n\u2019ont plus de cassettes du tout.<\/p>\n\n\n\n<p>&nbsp;&nbsp;&nbsp;&nbsp;&nbsp;&nbsp;&nbsp;&nbsp;&nbsp;&nbsp;&nbsp; Depuis que j\u2019ai entam\u00e9 ce projet, on m\u2019a souvent contact\u00e9 pour me parler de Dimoitou et de sa musique, et pour me demander de partager mes trouvailles.&nbsp; Je ne suis pas le seul \u00e0 poss\u00e9der de tr\u00e8s bons souvenirs. On risque de perdre Dimoitou \u00e0 jamais, et je voudrais pouvoir lui sauver du bord d\u2019un pr\u00e9cipice avant qu\u2019il ne soit trop tard.<\/p>\n\n\n\n<p>Si vous poss\u00e9dez des cassettes Dimoitou, je vous prie de me contacter. Si vous avez toujours des cassettes Dimoitou qui vous pourriez me pr\u00eater ou bien me vendre, je vous serais tr\u00e8s reconnaissant. En plus de les conserver, je souhaite r\u00e9unir trois trousses compl\u00e8tes&nbsp;pour les trois niveaux scolaires. Si vous repr\u00e9sentez Centre Educatif et Culturel, et vous avez acc\u00e8s aux fonds d\u2019archives, veuillez envisager de les partager avec moi. Si vous travaillez dans une \u00e9cole ou dans un conseil scolaire, je vous demande de regarder dans vos archives pour les cassettes et de me contacter si ce serait possible de me les revendre, donner, ou pr\u00eater. Je n\u2019ai aucun but lucratif, ni de d\u00e9sir d\u2019enfreindre le droit d\u2019auteur. Tout ce que je souhaite c\u2019est d\u2019assurer la sauvegarde de notre patrimoine (et de poss\u00e9der les cassettes, si possible). Dimoitou \u00e9tait malade; maintenant il est port\u00e9 disparu. Si vous pouvez m\u2019aider \u00e0 le ramener chez lui, merci de me contacter \u00e0 <a href=\"mailto:find@dimoitou.ca\">find@dimoitou.ca<\/a>. Pour ceux et celles qui pr\u00e9f\u00e8rent \u00e9crire en fran\u00e7ais, vous pouvez joindre ma collaboratrice, Adleen, par courriel&nbsp;: adleenc@gmail.com.<\/p>\n\n\n\n<p>Avec tous mes remerciements,<\/p>\n\n\n\n<p>Jordan<\/p>\n\n\n\n<p><em><a href=\"https:\/\/www.dimoitou.ca\/\">Find Dimoitou!<\/a><\/em><em><\/em><\/p>\n\n\n","protected":false},"excerpt":{"rendered":"<p>Dimoitou \u00e9tait tr\u00e8s malade. Maintenant il est port\u00e9 disparu. Aidez-moi \u00e0 le ramener chez lui ! &nbsp;&nbsp;&nbsp;&nbsp;&nbsp;&nbsp;&nbsp;&nbsp;&nbsp;&nbsp;&nbsp;&nbsp;&nbsp;&nbsp; Je suis Jordan. Je vous remercie pour votre visite \u00e0 Dimoitou.ca &nbsp;Pour la grande partie de deux d\u00e9cennies, les \u00e9coles primaires canadiennes servaient de trousses Dimoitou pour apprendre le fran\u00e7ais aux jeunes Canadiens. Dimoitou a \u00e9t\u00e9 publi\u00e9 par [&hellip;]<\/p>\n","protected":false},"author":2,"featured_media":0,"parent":0,"menu_order":0,"comment_status":"closed","ping_status":"closed","template":"","meta":{"footnotes":""},"class_list":["post-16","page","type-page","status-publish","hentry"],"_links":{"self":[{"href":"https:\/\/www.dimoitou.ca\/index.php?rest_route=\/wp\/v2\/pages\/16","targetHints":{"allow":["GET"]}}],"collection":[{"href":"https:\/\/www.dimoitou.ca\/index.php?rest_route=\/wp\/v2\/pages"}],"about":[{"href":"https:\/\/www.dimoitou.ca\/index.php?rest_route=\/wp\/v2\/types\/page"}],"author":[{"embeddable":true,"href":"https:\/\/www.dimoitou.ca\/index.php?rest_route=\/wp\/v2\/users\/2"}],"replies":[{"embeddable":true,"href":"https:\/\/www.dimoitou.ca\/index.php?rest_route=%2Fwp%2Fv2%2Fcomments&post=16"}],"version-history":[{"count":1,"href":"https:\/\/www.dimoitou.ca\/index.php?rest_route=\/wp\/v2\/pages\/16\/revisions"}],"predecessor-version":[{"id":17,"href":"https:\/\/www.dimoitou.ca\/index.php?rest_route=\/wp\/v2\/pages\/16\/revisions\/17"}],"wp:attachment":[{"href":"https:\/\/www.dimoitou.ca\/index.php?rest_route=%2Fwp%2Fv2%2Fmedia&parent=16"}],"curies":[{"name":"wp","href":"https:\/\/api.w.org\/{rel}","templated":true}]}}